{"id":240,"date":"2019-07-17T16:39:29","date_gmt":"2019-07-17T14:39:29","guid":{"rendered":"http:\/\/kinesiologievienne38.fr\/?page_id=7"},"modified":"2024-06-30T22:01:33","modified_gmt":"2024-06-30T20:01:33","slug":"accueil","status":"publish","type":"page","link":"https:\/\/kinesiologievienne38.fr\/","title":{"rendered":"Accueil"},"content":{"rendered":"<p>Bonjour et Bienvenu<\/p>\n<p align=\"justify\">Certifi\u00e9e en kin\u00e9siologie depuis 2014, je suis install\u00e9e au sein de <a href=\"https:\/\/atelierdetente.com\/\">l\u2019atelier d\u00e9tente<\/a> sur Vienne, un lieu de soin partag\u00e9, ainsi que sur Pont-Ev\u00eaque.<\/p>\n<p>Je propose un accompagnement bienveillant global et personnalis\u00e9 gr\u00e2ce aux diff\u00e9rents outils auxquels j\u2019ai \u00e9t\u00e9 form\u00e9e.<br data-rich-text-line-break=\"true\" \/><a href=\"https:\/\/kinesiologievienne38.fr\/index.php\/les-pratiques\/kinesiologie\/\">Kin\u00e9siologie<\/a>, <a href=\"https:\/\/kinesiologievienne38.fr\/index.php\/les-pratiques\/total-reset-methode\/\">M\u00e9thode Total Reset<\/a>, Technique <a href=\"https:\/\/kinesiologievienne38.fr\/index.php\/les-pratiques\/cranio-sacree\/\">cr\u00e2nio-sacr\u00e9e<\/a>, Brain Gym.<br data-rich-text-line-break=\"true\" \/>Parce que le corps est notre meilleur guide, c&#8217;est par son \u00e9coute que les r\u00e9ponses se d\u00e9voilent.<br data-rich-text-line-break=\"true\" \/>Qu&#8217;il s&#8217;agisse de douleurs, stress, angoisses, phobie, deuil, s\u00e9paration, changements importants, difficult\u00e9s d&#8217;apprentissage, manifestations allergiques, g\u00eane, fatigue, troubles du sommeil\u2026..<br data-rich-text-line-break=\"true\" \/>Toutes manifestations g\u00eanantes trouvent une \u00e9coute, un accompagnement pour aller vers sa lib\u00e9ration.<br data-rich-text-line-break=\"true\" \/>Le but est d\u2019aider le ou la consultant(e) \u00e0 mieux s\u2019adapter \u00e0 la r\u00e9alit\u00e9 qui l\u2019entoure lib\u00e9r\u00e9 des blocages de l\u2019organisme.<br data-rich-text-line-break=\"true\" \/>Je re\u00e7ois des personnes de tout \u00e2ge, du nourrisson \u00e0 la personne \u00e2g\u00e9e.<\/p>\n<p>Au plaisir de vous rencontrer.<\/p>\n\n\n<p class=\"has-text-align-center\">Pour prendre RDV :&nbsp;<a href=\"https:\/\/edwige-glasson.clicrdv.com\/\" target=\"_blank\" rel=\"noreferrer noopener\">Calendrier de Mme Glasson<\/a><\/p>\n\n\n\n<p><\/p>\n","protected":false},"excerpt":{"rendered":"<p>Bonjour et Bienvenu Certifi\u00e9e en kin\u00e9siologie depuis 2014, je suis install\u00e9e au sein de l\u2019atelier d\u00e9tente sur Vienne, un lieu de soin partag\u00e9, ainsi que sur Pont-Ev\u00eaque. Je propose un accompagnement bienveillant global et personnalis\u00e9 gr\u00e2ce aux diff\u00e9rents outils auxquels j\u2019ai \u00e9t\u00e9 form\u00e9e.Kin\u00e9siologie, M\u00e9thode Total Reset, Technique cr\u00e2nio-sacr\u00e9e, Brain Gym.Parce que le corps est notre &hellip; <\/p>\n<p class=\"link-more\"><a href=\"https:\/\/kinesiologievienne38.fr\/\" class=\"more-link\">Continue reading<span class=\"screen-reader-text\"> &#8220;Accueil&#8221;<\/span><\/a><\/p>\n","protected":false},"author":1,"featured_media":0,"parent":0,"menu_order":0,"comment_status":"closed","ping_status":"closed","template":"","meta":{"footnotes":""},"class_list":["post-240","page","type-page","status-publish","hentry"],"yoast_head":"<!-- This site is optimized with the Yoast SEO plugin v27.6 - https:\/\/yoast.com\/product\/yoast-seo-wordpress\/ -->\n<title>Glasson Edwige Kin\u00e9siologue - Praticienne TRM Kinesiologie vienne pont-ev\u00eaque<\/title>\n<meta name=\"description\" content=\"Edwige Glasson, je pratique la kin\u00e9siologie \u00e0 Vienne \u00e0 l&#039;atelier d\u00e9tente dans un cabinet partag\u00e9. Facile d&#039;acc\u00e8s et parking \u00e0 proximit\u00e9.\" \/>\n<meta name=\"robots\" content=\"index, follow, max-snippet:-1, max-image-preview:large, max-video-preview:-1\" \/>\n<link rel=\"canonical\" href=\"http:\/\/kinesiologievienne38.fr\/\" \/>\n<meta property=\"og:locale\" content=\"en_US\" \/>\n<meta property=\"og:type\" content=\"article\" \/>\n<meta property=\"og:title\" content=\"Glasson Edwige Kin\u00e9siologue - Praticienne TRM Kinesiologie vienne pont-ev\u00eaque\" \/>\n<meta property=\"og:description\" content=\"Edwige Glasson, je pratique la kin\u00e9siologie \u00e0 Vienne \u00e0 l&#039;atelier d\u00e9tente dans un cabinet partag\u00e9. Facile d&#039;acc\u00e8s et parking \u00e0 proximit\u00e9.\" \/>\n<meta property=\"og:url\" content=\"http:\/\/kinesiologievienne38.fr\/\" \/>\n<meta property=\"og:site_name\" content=\"Glasson Edwige\" \/>\n<meta property=\"article:modified_time\" content=\"2024-06-30T20:01:33+00:00\" \/>\n<meta name=\"twitter:card\" content=\"summary_large_image\" \/>\n<meta name=\"twitter:label1\" content=\"Est. reading time\" \/>\n\t<meta name=\"twitter:data1\" content=\"1 minute\" \/>\n<script type=\"application\/ld+json\" class=\"yoast-schema-graph\">{\"@context\":\"https:\\\/\\\/schema.org\",\"@graph\":[{\"@type\":\"WebPage\",\"@id\":\"http:\\\/\\\/kinesiologievienne38.fr\\\/\",\"url\":\"http:\\\/\\\/kinesiologievienne38.fr\\\/\",\"name\":\"Glasson Edwige Kin\u00e9siologue - Praticienne TRM Kinesiologie vienne pont-ev\u00eaque\",\"isPartOf\":{\"@id\":\"http:\\\/\\\/kinesiologievienne38.fr\\\/#website\"},\"datePublished\":\"2019-07-17T14:39:29+00:00\",\"dateModified\":\"2024-06-30T20:01:33+00:00\",\"description\":\"Edwige Glasson, je pratique la kin\u00e9siologie \u00e0 Vienne \u00e0 l'atelier d\u00e9tente dans un cabinet partag\u00e9. Facile d'acc\u00e8s et parking \u00e0 proximit\u00e9.\",\"breadcrumb\":{\"@id\":\"http:\\\/\\\/kinesiologievienne38.fr\\\/#breadcrumb\"},\"inLanguage\":\"en-US\",\"potentialAction\":[{\"@type\":\"ReadAction\",\"target\":[\"http:\\\/\\\/kinesiologievienne38.fr\\\/\"]}]},{\"@type\":\"BreadcrumbList\",\"@id\":\"http:\\\/\\\/kinesiologievienne38.fr\\\/#breadcrumb\",\"itemListElement\":[{\"@type\":\"ListItem\",\"position\":1,\"name\":\"Accueil\",\"item\":\"http:\\\/\\\/kinesiologievienne38.fr\\\/\"},{\"@type\":\"ListItem\",\"position\":2,\"name\":\"Accueil\"}]},{\"@type\":\"WebSite\",\"@id\":\"http:\\\/\\\/kinesiologievienne38.fr\\\/#website\",\"url\":\"http:\\\/\\\/kinesiologievienne38.fr\\\/\",\"name\":\"Glasson Edwige\",\"description\":\"Kin\u00e9siologue - Praticienne TRM\",\"potentialAction\":[{\"@type\":\"SearchAction\",\"target\":{\"@type\":\"EntryPoint\",\"urlTemplate\":\"http:\\\/\\\/kinesiologievienne38.fr\\\/?s={search_term_string}\"},\"query-input\":{\"@type\":\"PropertyValueSpecification\",\"valueRequired\":true,\"valueName\":\"search_term_string\"}}],\"inLanguage\":\"en-US\"}]}<\/script>\n<!-- \/ Yoast SEO plugin. -->","yoast_head_json":{"title":"Glasson Edwige Kin\u00e9siologue - Praticienne TRM Kinesiologie vienne pont-ev\u00eaque","description":"Edwige Glasson, je pratique la kin\u00e9siologie \u00e0 Vienne \u00e0 l'atelier d\u00e9tente dans un cabinet partag\u00e9. Facile d'acc\u00e8s et parking \u00e0 proximit\u00e9.","robots":{"index":"index","follow":"follow","max-snippet":"max-snippet:-1","max-image-preview":"max-image-preview:large","max-video-preview":"max-video-preview:-1"},"canonical":"http:\/\/kinesiologievienne38.fr\/","og_locale":"en_US","og_type":"article","og_title":"Glasson Edwige Kin\u00e9siologue - Praticienne TRM Kinesiologie vienne pont-ev\u00eaque","og_description":"Edwige Glasson, je pratique la kin\u00e9siologie \u00e0 Vienne \u00e0 l'atelier d\u00e9tente dans un cabinet partag\u00e9. Facile d'acc\u00e8s et parking \u00e0 proximit\u00e9.","og_url":"http:\/\/kinesiologievienne38.fr\/","og_site_name":"Glasson Edwige","article_modified_time":"2024-06-30T20:01:33+00:00","twitter_card":"summary_large_image","twitter_misc":{"Est. reading time":"1 minute"},"schema":{"@context":"https:\/\/schema.org","@graph":[{"@type":"WebPage","@id":"http:\/\/kinesiologievienne38.fr\/","url":"http:\/\/kinesiologievienne38.fr\/","name":"Glasson Edwige Kin\u00e9siologue - Praticienne TRM Kinesiologie vienne pont-ev\u00eaque","isPartOf":{"@id":"http:\/\/kinesiologievienne38.fr\/#website"},"datePublished":"2019-07-17T14:39:29+00:00","dateModified":"2024-06-30T20:01:33+00:00","description":"Edwige Glasson, je pratique la kin\u00e9siologie \u00e0 Vienne \u00e0 l'atelier d\u00e9tente dans un cabinet partag\u00e9. Facile d'acc\u00e8s et parking \u00e0 proximit\u00e9.","breadcrumb":{"@id":"http:\/\/kinesiologievienne38.fr\/#breadcrumb"},"inLanguage":"en-US","potentialAction":[{"@type":"ReadAction","target":["http:\/\/kinesiologievienne38.fr\/"]}]},{"@type":"BreadcrumbList","@id":"http:\/\/kinesiologievienne38.fr\/#breadcrumb","itemListElement":[{"@type":"ListItem","position":1,"name":"Accueil","item":"http:\/\/kinesiologievienne38.fr\/"},{"@type":"ListItem","position":2,"name":"Accueil"}]},{"@type":"WebSite","@id":"http:\/\/kinesiologievienne38.fr\/#website","url":"http:\/\/kinesiologievienne38.fr\/","name":"Glasson Edwige","description":"Kin\u00e9siologue - Praticienne TRM","potentialAction":[{"@type":"SearchAction","target":{"@type":"EntryPoint","urlTemplate":"http:\/\/kinesiologievienne38.fr\/?s={search_term_string}"},"query-input":{"@type":"PropertyValueSpecification","valueRequired":true,"valueName":"search_term_string"}}],"inLanguage":"en-US"}]}},"_links":{"self":[{"href":"https:\/\/kinesiologievienne38.fr\/index.php\/wp-json\/wp\/v2\/pages\/240","targetHints":{"allow":["GET"]}}],"collection":[{"href":"https:\/\/kinesiologievienne38.fr\/index.php\/wp-json\/wp\/v2\/pages"}],"about":[{"href":"https:\/\/kinesiologievienne38.fr\/index.php\/wp-json\/wp\/v2\/types\/page"}],"author":[{"embeddable":true,"href":"https:\/\/kinesiologievienne38.fr\/index.php\/wp-json\/wp\/v2\/users\/1"}],"replies":[{"embeddable":true,"href":"https:\/\/kinesiologievienne38.fr\/index.php\/wp-json\/wp\/v2\/comments?post=240"}],"version-history":[{"count":2,"href":"https:\/\/kinesiologievienne38.fr\/index.php\/wp-json\/wp\/v2\/pages\/240\/revisions"}],"predecessor-version":[{"id":555,"href":"https:\/\/kinesiologievienne38.fr\/index.php\/wp-json\/wp\/v2\/pages\/240\/revisions\/555"}],"wp:attachment":[{"href":"https:\/\/kinesiologievienne38.fr\/index.php\/wp-json\/wp\/v2\/media?parent=240"}],"curies":[{"name":"wp","href":"https:\/\/api.w.org\/{rel}","templated":true}]}}