{"id":70,"date":"2019-09-22T21:03:33","date_gmt":"2019-09-22T19:03:33","guid":{"rendered":"http:\/\/kinesiologievienne38.fr\/?page_id=70"},"modified":"2024-06-30T22:04:53","modified_gmt":"2024-06-30T20:04:53","slug":"les-pratiques","status":"publish","type":"page","link":"https:\/\/kinesiologievienne38.fr\/index.php\/les-pratiques\/","title":{"rendered":"Les pratiques"},"content":{"rendered":"\n<p class=\"has-text-align-left\">\n\nJe pratique diff\u00e9rente technique li\u00e9 au bien \u00eatre :\n\n<\/p>\n\n\n<div class=\"wp-block-image\">\n<figure class=\"alignleft size-large is-resized\"><a href=\"https:\/\/kinesiologievienne38.fr\/index.php\/les-pratiques\/kinesiologie\/\"><img loading=\"lazy\" decoding=\"async\" width=\"683\" height=\"1024\" src=\"http:\/\/kinesiologievienne38.fr\/wp-content\/uploads\/2024\/06\/la-kinesiologie-et-ses-bienfaits-683x1024.jpg\" alt=\"\" class=\"wp-image-530\" style=\"width:150px;height:auto\" srcset=\"https:\/\/kinesiologievienne38.fr\/wp-content\/uploads\/2024\/06\/la-kinesiologie-et-ses-bienfaits-683x1024.jpg 683w, https:\/\/kinesiologievienne38.fr\/wp-content\/uploads\/2024\/06\/la-kinesiologie-et-ses-bienfaits-200x300.jpg 200w, https:\/\/kinesiologievienne38.fr\/wp-content\/uploads\/2024\/06\/la-kinesiologie-et-ses-bienfaits-768x1152.jpg 768w, https:\/\/kinesiologievienne38.fr\/wp-content\/uploads\/2024\/06\/la-kinesiologie-et-ses-bienfaits.jpg 1000w\" sizes=\"auto, (max-width: 683px) 100vw, 683px\" \/><\/a><figcaption class=\"wp-element-caption\">KINESIOLOGIE<\/figcaption><\/figure>\n<\/div>\n\n<div class=\"wp-block-image\">\n<figure class=\"alignleft size-large is-resized\"><a href=\"https:\/\/kinesiologievienne38.fr\/index.php\/les-pratiques\/total-reset-methode\/\"><img loading=\"lazy\" decoding=\"async\" width=\"1024\" height=\"1024\" src=\"http:\/\/kinesiologievienne38.fr\/wp-content\/uploads\/2024\/06\/petals_web-1024x1024.jpg\" alt=\"\" class=\"wp-image-528\" style=\"width:226px;height:auto\" srcset=\"https:\/\/kinesiologievienne38.fr\/wp-content\/uploads\/2024\/06\/petals_web-1024x1024.jpg 1024w, https:\/\/kinesiologievienne38.fr\/wp-content\/uploads\/2024\/06\/petals_web-300x300.jpg 300w, https:\/\/kinesiologievienne38.fr\/wp-content\/uploads\/2024\/06\/petals_web-150x150.jpg 150w, https:\/\/kinesiologievienne38.fr\/wp-content\/uploads\/2024\/06\/petals_web-768x768.jpg 768w, https:\/\/kinesiologievienne38.fr\/wp-content\/uploads\/2024\/06\/petals_web-100x100.jpg 100w, https:\/\/kinesiologievienne38.fr\/wp-content\/uploads\/2024\/06\/petals_web.jpg 1200w\" sizes=\"auto, (max-width: 767px) 89vw, (max-width: 1000px) 54vw, (max-width: 1071px) 543px, 580px\" \/><\/a><figcaption class=\"wp-element-caption\"> <em> TOTAL RESET METHODE<\/em> <\/figcaption><\/figure>\n<\/div>\n\n<div class=\"wp-block-image\">\n<figure class=\"alignleft size-full is-resized\"><a href=\"https:\/\/kinesiologievienne38.fr\/index.php\/les-pratiques\/cranio-sacree\/\"><img loading=\"lazy\" decoding=\"async\" width=\"400\" height=\"443\" src=\"http:\/\/kinesiologievienne38.fr\/wp-content\/uploads\/2024\/06\/spine-257870_1920.jpeg\" alt=\"\" class=\"wp-image-526\" style=\"width:201px;height:auto\" srcset=\"https:\/\/kinesiologievienne38.fr\/wp-content\/uploads\/2024\/06\/spine-257870_1920.jpeg 400w, https:\/\/kinesiologievienne38.fr\/wp-content\/uploads\/2024\/06\/spine-257870_1920-271x300.jpeg 271w\" sizes=\"auto, (max-width: 400px) 100vw, 400px\" \/><\/a><figcaption class=\"wp-element-caption\"> <em> CR\u00c2NIO-SACR\u00c9E <\/em> <\/figcaption><\/figure>\n<\/div>\n\n\n<p><\/p>\n","protected":false},"excerpt":{"rendered":"<p>Je pratique diff\u00e9rente technique li\u00e9 au bien \u00eatre :<\/p>\n","protected":false},"author":1,"featured_media":0,"parent":0,"menu_order":0,"comment_status":"closed","ping_status":"closed","template":"","meta":{"footnotes":""},"class_list":["post-70","page","type-page","status-publish","hentry"],"yoast_head":"<!-- This site is optimized with the Yoast SEO plugin v27.5 - https:\/\/yoast.com\/product\/yoast-seo-wordpress\/ -->\n<title>Les pratiques - Glasson Edwige<\/title>\n<meta name=\"robots\" content=\"index, follow, max-snippet:-1, max-image-preview:large, max-video-preview:-1\" \/>\n<link rel=\"canonical\" href=\"http:\/\/kinesiologievienne38.fr\/index.php\/les-pratiques\/\" \/>\n<meta property=\"og:locale\" content=\"en_US\" \/>\n<meta property=\"og:type\" content=\"article\" \/>\n<meta property=\"og:title\" content=\"Les pratiques - Glasson Edwige\" \/>\n<meta property=\"og:description\" content=\"Je pratique diff\u00e9rente technique li\u00e9 au bien \u00eatre :\" \/>\n<meta property=\"og:url\" content=\"http:\/\/kinesiologievienne38.fr\/index.php\/les-pratiques\/\" \/>\n<meta property=\"og:site_name\" content=\"Glasson Edwige\" \/>\n<meta property=\"article:modified_time\" content=\"2024-06-30T20:04:53+00:00\" \/>\n<meta property=\"og:image\" content=\"http:\/\/kinesiologievienne38.fr\/wp-content\/uploads\/2024\/06\/la-kinesiologie-et-ses-bienfaits-683x1024.jpg\" \/>\n<meta name=\"twitter:card\" content=\"summary_large_image\" \/>\n<meta name=\"twitter:label1\" content=\"Est. reading time\" \/>\n\t<meta name=\"twitter:data1\" content=\"1 minute\" \/>\n<script type=\"application\/ld+json\" class=\"yoast-schema-graph\">{\"@context\":\"https:\\\/\\\/schema.org\",\"@graph\":[{\"@type\":\"WebPage\",\"@id\":\"http:\\\/\\\/kinesiologievienne38.fr\\\/index.php\\\/les-pratiques\\\/\",\"url\":\"http:\\\/\\\/kinesiologievienne38.fr\\\/index.php\\\/les-pratiques\\\/\",\"name\":\"Les pratiques - Glasson Edwige\",\"isPartOf\":{\"@id\":\"http:\\\/\\\/kinesiologievienne38.fr\\\/#website\"},\"primaryImageOfPage\":{\"@id\":\"http:\\\/\\\/kinesiologievienne38.fr\\\/index.php\\\/les-pratiques\\\/#primaryimage\"},\"image\":{\"@id\":\"http:\\\/\\\/kinesiologievienne38.fr\\\/index.php\\\/les-pratiques\\\/#primaryimage\"},\"thumbnailUrl\":\"http:\\\/\\\/kinesiologievienne38.fr\\\/wp-content\\\/uploads\\\/2024\\\/06\\\/la-kinesiologie-et-ses-bienfaits-683x1024.jpg\",\"datePublished\":\"2019-09-22T19:03:33+00:00\",\"dateModified\":\"2024-06-30T20:04:53+00:00\",\"breadcrumb\":{\"@id\":\"http:\\\/\\\/kinesiologievienne38.fr\\\/index.php\\\/les-pratiques\\\/#breadcrumb\"},\"inLanguage\":\"en-US\",\"potentialAction\":[{\"@type\":\"ReadAction\",\"target\":[\"http:\\\/\\\/kinesiologievienne38.fr\\\/index.php\\\/les-pratiques\\\/\"]}]},{\"@type\":\"ImageObject\",\"inLanguage\":\"en-US\",\"@id\":\"http:\\\/\\\/kinesiologievienne38.fr\\\/index.php\\\/les-pratiques\\\/#primaryimage\",\"url\":\"https:\\\/\\\/kinesiologievienne38.fr\\\/wp-content\\\/uploads\\\/2024\\\/06\\\/la-kinesiologie-et-ses-bienfaits.jpg\",\"contentUrl\":\"https:\\\/\\\/kinesiologievienne38.fr\\\/wp-content\\\/uploads\\\/2024\\\/06\\\/la-kinesiologie-et-ses-bienfaits.jpg\",\"width\":1000,\"height\":1500},{\"@type\":\"BreadcrumbList\",\"@id\":\"http:\\\/\\\/kinesiologievienne38.fr\\\/index.php\\\/les-pratiques\\\/#breadcrumb\",\"itemListElement\":[{\"@type\":\"ListItem\",\"position\":1,\"name\":\"Accueil\",\"item\":\"http:\\\/\\\/kinesiologievienne38.fr\\\/\"},{\"@type\":\"ListItem\",\"position\":2,\"name\":\"Les pratiques\"}]},{\"@type\":\"WebSite\",\"@id\":\"http:\\\/\\\/kinesiologievienne38.fr\\\/#website\",\"url\":\"http:\\\/\\\/kinesiologievienne38.fr\\\/\",\"name\":\"Glasson Edwige\",\"description\":\"Kin\u00e9siologue - Praticienne TRM\",\"potentialAction\":[{\"@type\":\"SearchAction\",\"target\":{\"@type\":\"EntryPoint\",\"urlTemplate\":\"http:\\\/\\\/kinesiologievienne38.fr\\\/?s={search_term_string}\"},\"query-input\":{\"@type\":\"PropertyValueSpecification\",\"valueRequired\":true,\"valueName\":\"search_term_string\"}}],\"inLanguage\":\"en-US\"}]}<\/script>\n<!-- \/ Yoast SEO plugin. -->","yoast_head_json":{"title":"Les pratiques - Glasson Edwige","robots":{"index":"index","follow":"follow","max-snippet":"max-snippet:-1","max-image-preview":"max-image-preview:large","max-video-preview":"max-video-preview:-1"},"canonical":"http:\/\/kinesiologievienne38.fr\/index.php\/les-pratiques\/","og_locale":"en_US","og_type":"article","og_title":"Les pratiques - Glasson Edwige","og_description":"Je pratique diff\u00e9rente technique li\u00e9 au bien \u00eatre :","og_url":"http:\/\/kinesiologievienne38.fr\/index.php\/les-pratiques\/","og_site_name":"Glasson Edwige","article_modified_time":"2024-06-30T20:04:53+00:00","og_image":[{"url":"http:\/\/kinesiologievienne38.fr\/wp-content\/uploads\/2024\/06\/la-kinesiologie-et-ses-bienfaits-683x1024.jpg","type":"","width":"","height":""}],"twitter_card":"summary_large_image","twitter_misc":{"Est. reading time":"1 minute"},"schema":{"@context":"https:\/\/schema.org","@graph":[{"@type":"WebPage","@id":"http:\/\/kinesiologievienne38.fr\/index.php\/les-pratiques\/","url":"http:\/\/kinesiologievienne38.fr\/index.php\/les-pratiques\/","name":"Les pratiques - Glasson Edwige","isPartOf":{"@id":"http:\/\/kinesiologievienne38.fr\/#website"},"primaryImageOfPage":{"@id":"http:\/\/kinesiologievienne38.fr\/index.php\/les-pratiques\/#primaryimage"},"image":{"@id":"http:\/\/kinesiologievienne38.fr\/index.php\/les-pratiques\/#primaryimage"},"thumbnailUrl":"http:\/\/kinesiologievienne38.fr\/wp-content\/uploads\/2024\/06\/la-kinesiologie-et-ses-bienfaits-683x1024.jpg","datePublished":"2019-09-22T19:03:33+00:00","dateModified":"2024-06-30T20:04:53+00:00","breadcrumb":{"@id":"http:\/\/kinesiologievienne38.fr\/index.php\/les-pratiques\/#breadcrumb"},"inLanguage":"en-US","potentialAction":[{"@type":"ReadAction","target":["http:\/\/kinesiologievienne38.fr\/index.php\/les-pratiques\/"]}]},{"@type":"ImageObject","inLanguage":"en-US","@id":"http:\/\/kinesiologievienne38.fr\/index.php\/les-pratiques\/#primaryimage","url":"https:\/\/kinesiologievienne38.fr\/wp-content\/uploads\/2024\/06\/la-kinesiologie-et-ses-bienfaits.jpg","contentUrl":"https:\/\/kinesiologievienne38.fr\/wp-content\/uploads\/2024\/06\/la-kinesiologie-et-ses-bienfaits.jpg","width":1000,"height":1500},{"@type":"BreadcrumbList","@id":"http:\/\/kinesiologievienne38.fr\/index.php\/les-pratiques\/#breadcrumb","itemListElement":[{"@type":"ListItem","position":1,"name":"Accueil","item":"http:\/\/kinesiologievienne38.fr\/"},{"@type":"ListItem","position":2,"name":"Les pratiques"}]},{"@type":"WebSite","@id":"http:\/\/kinesiologievienne38.fr\/#website","url":"http:\/\/kinesiologievienne38.fr\/","name":"Glasson Edwige","description":"Kin\u00e9siologue - Praticienne TRM","potentialAction":[{"@type":"SearchAction","target":{"@type":"EntryPoint","urlTemplate":"http:\/\/kinesiologievienne38.fr\/?s={search_term_string}"},"query-input":{"@type":"PropertyValueSpecification","valueRequired":true,"valueName":"search_term_string"}}],"inLanguage":"en-US"}]}},"_links":{"self":[{"href":"https:\/\/kinesiologievienne38.fr\/index.php\/wp-json\/wp\/v2\/pages\/70","targetHints":{"allow":["GET"]}}],"collection":[{"href":"https:\/\/kinesiologievienne38.fr\/index.php\/wp-json\/wp\/v2\/pages"}],"about":[{"href":"https:\/\/kinesiologievienne38.fr\/index.php\/wp-json\/wp\/v2\/types\/page"}],"author":[{"embeddable":true,"href":"https:\/\/kinesiologievienne38.fr\/index.php\/wp-json\/wp\/v2\/users\/1"}],"replies":[{"embeddable":true,"href":"https:\/\/kinesiologievienne38.fr\/index.php\/wp-json\/wp\/v2\/comments?post=70"}],"version-history":[{"count":2,"href":"https:\/\/kinesiologievienne38.fr\/index.php\/wp-json\/wp\/v2\/pages\/70\/revisions"}],"predecessor-version":[{"id":557,"href":"https:\/\/kinesiologievienne38.fr\/index.php\/wp-json\/wp\/v2\/pages\/70\/revisions\/557"}],"wp:attachment":[{"href":"https:\/\/kinesiologievienne38.fr\/index.php\/wp-json\/wp\/v2\/media?parent=70"}],"curies":[{"name":"wp","href":"https:\/\/api.w.org\/{rel}","templated":true}]}}