{"id":9,"date":"2019-07-17T16:39:29","date_gmt":"2019-07-17T14:39:29","guid":{"rendered":"http:\/\/kinesiologievienne38.fr\/?page_id=9"},"modified":"2024-06-29T22:10:11","modified_gmt":"2024-06-29T20:10:11","slug":"contact","status":"publish","type":"page","link":"https:\/\/kinesiologievienne38.fr\/index.php\/contact\/","title":{"rendered":"Contact"},"content":{"rendered":"\n<p> Edwige Glasson <br> T\u00e9l\u00e9phone : 07 81 29 58 21 <br> Mail :  etsitoutdevenaitpossible@gmail.com  <\/p>\n\n\n\n<pre class=\"wp-block-code\"><code>Lieu de pratique :<\/code><\/pre>\n\n\n\n<div class=\"wp-block-columns is-layout-flex wp-container-core-columns-is-layout-9d6595d7 wp-block-columns-is-layout-flex\">\n<div class=\"wp-block-column is-layout-flow wp-block-column-is-layout-flow\">\n<p>729 chemin de la carra<\/p>\n\n\n\n<p>38780 Pont-\u00e9v\u00eaque<\/p>\n\n\n\n<iframe src=\"https:\/\/www.google.com\/maps\/embed?pb=!1m18!1m12!1m3!1d2794.7672683593923!2d4.946796075978515!3d45.53488872871979!2m3!1f0!2f0!3f0!3m2!1i1024!2i768!4f13.1!3m3!1m2!1s0x47f4d91cebad05b5%3A0x170997843ece366b!2s729%20Chem.%20de%20la%20Carra%2C%2038780%20Pont-%C3%89v%C3%AAque!5e0!3m2!1sfr!2sfr!4v1719691632525!5m2!1sfr!2sfr\" width=\"600\" height=\"450\" style=\"border:0;\" allowfullscreen=\"\" loading=\"lazy\" referrerpolicy=\"no-referrer-when-downgrade\"><\/iframe>\n<\/div>\n\n\n\n<div class=\"wp-block-column is-layout-flow wp-block-column-is-layout-flow\">\n<p class=\"has-text-align-right\"><a href=\"https:\/\/atelierdetente.com\/\">Atelier d\u00e9tente<\/a><\/p>\n\n\n\n<p class=\"has-text-align-right\">6 rue jean jaque rousseau <\/p>\n\n\n\n<p class=\"has-text-align-right\">38200 Vienne<\/p>\n\n\n\n<iframe src=\"https:\/\/www.google.com\/maps\/embed?pb=!1m18!1m12!1m3!1d5590.4720092543!2d4.870894875977986!3d45.52545612934996!2m3!1f0!2f0!3f0!3m2!1i1024!2i768!4f13.1!3m3!1m2!1s0x47f4dfa80bd9e2af%3A0xe0fcb470e3d8c2bf!2sL&#39;Atelier%20D%C3%A9tente!5e0!3m2!1sfr!2sfr!4v1719691779139!5m2!1sfr!2sfr\" width=\"600\" height=\"450\" style=\"border:0;\" allowfullscreen=\"\" loading=\"lazy\" referrerpolicy=\"no-referrer-when-downgrade\"><\/iframe>\n<\/div>\n<\/div>\n","protected":false},"excerpt":{"rendered":"<p>Edwige Glasson T\u00e9l\u00e9phone : 07 81 29 58 21 Mail : etsitoutdevenaitpossible@gmail.com 729 chemin de la carra 38780 Pont-\u00e9v\u00eaque Atelier d\u00e9tente 6 rue jean jaque rousseau 38200 Vienne<\/p>\n","protected":false},"author":1,"featured_media":0,"parent":0,"menu_order":0,"comment_status":"closed","ping_status":"closed","template":"","meta":{"footnotes":""},"class_list":["post-9","page","type-page","status-publish","hentry"],"yoast_head":"<!-- This site is optimized with the Yoast SEO plugin v27.5 - https:\/\/yoast.com\/product\/yoast-seo-wordpress\/ -->\n<title>Contact - Glasson Edwige<\/title>\n<meta name=\"description\" content=\"6 Rue Jean-Jacques Rousseau, 38200 Vienne - T\u00e9l\u00e9phone : 07 81 29 58 21 - Mail : etsitoutdevenaitpossible@gmail.com\" \/>\n<meta name=\"robots\" content=\"index, follow, max-snippet:-1, max-image-preview:large, max-video-preview:-1\" \/>\n<link rel=\"canonical\" href=\"https:\/\/kinesiologievienne38.fr\/index.php\/contact\/\" \/>\n<meta property=\"og:locale\" content=\"en_US\" \/>\n<meta property=\"og:type\" content=\"article\" \/>\n<meta property=\"og:title\" content=\"Contact - Glasson Edwige\" \/>\n<meta property=\"og:description\" content=\"6 Rue Jean-Jacques Rousseau, 38200 Vienne - T\u00e9l\u00e9phone : 07 81 29 58 21 - Mail : etsitoutdevenaitpossible@gmail.com\" \/>\n<meta property=\"og:url\" content=\"https:\/\/kinesiologievienne38.fr\/index.php\/contact\/\" \/>\n<meta property=\"og:site_name\" content=\"Glasson Edwige\" \/>\n<meta property=\"article:modified_time\" content=\"2024-06-29T20:10:11+00:00\" \/>\n<meta name=\"twitter:card\" content=\"summary_large_image\" \/>\n<meta name=\"twitter:label1\" content=\"Est. reading time\" \/>\n\t<meta name=\"twitter:data1\" content=\"1 minute\" \/>\n<script type=\"application\/ld+json\" class=\"yoast-schema-graph\">{\"@context\":\"https:\\\/\\\/schema.org\",\"@graph\":[{\"@type\":\"WebPage\",\"@id\":\"https:\\\/\\\/kinesiologievienne38.fr\\\/index.php\\\/contact\\\/\",\"url\":\"https:\\\/\\\/kinesiologievienne38.fr\\\/index.php\\\/contact\\\/\",\"name\":\"Contact - Glasson Edwige\",\"isPartOf\":{\"@id\":\"http:\\\/\\\/kinesiologievienne38.fr\\\/#website\"},\"datePublished\":\"2019-07-17T14:39:29+00:00\",\"dateModified\":\"2024-06-29T20:10:11+00:00\",\"description\":\"6 Rue Jean-Jacques Rousseau, 38200 Vienne - T\u00e9l\u00e9phone : 07 81 29 58 21 - Mail : etsitoutdevenaitpossible@gmail.com\",\"breadcrumb\":{\"@id\":\"https:\\\/\\\/kinesiologievienne38.fr\\\/index.php\\\/contact\\\/#breadcrumb\"},\"inLanguage\":\"en-US\",\"potentialAction\":[{\"@type\":\"ReadAction\",\"target\":[\"https:\\\/\\\/kinesiologievienne38.fr\\\/index.php\\\/contact\\\/\"]}]},{\"@type\":\"BreadcrumbList\",\"@id\":\"https:\\\/\\\/kinesiologievienne38.fr\\\/index.php\\\/contact\\\/#breadcrumb\",\"itemListElement\":[{\"@type\":\"ListItem\",\"position\":1,\"name\":\"Accueil\",\"item\":\"http:\\\/\\\/kinesiologievienne38.fr\\\/\"},{\"@type\":\"ListItem\",\"position\":2,\"name\":\"Contact\"}]},{\"@type\":\"WebSite\",\"@id\":\"http:\\\/\\\/kinesiologievienne38.fr\\\/#website\",\"url\":\"http:\\\/\\\/kinesiologievienne38.fr\\\/\",\"name\":\"Glasson Edwige\",\"description\":\"Kin\u00e9siologue - Praticienne TRM\",\"potentialAction\":[{\"@type\":\"SearchAction\",\"target\":{\"@type\":\"EntryPoint\",\"urlTemplate\":\"http:\\\/\\\/kinesiologievienne38.fr\\\/?s={search_term_string}\"},\"query-input\":{\"@type\":\"PropertyValueSpecification\",\"valueRequired\":true,\"valueName\":\"search_term_string\"}}],\"inLanguage\":\"en-US\"}]}<\/script>\n<!-- \/ Yoast SEO plugin. -->","yoast_head_json":{"title":"Contact - Glasson Edwige","description":"6 Rue Jean-Jacques Rousseau, 38200 Vienne - T\u00e9l\u00e9phone : 07 81 29 58 21 - Mail : etsitoutdevenaitpossible@gmail.com","robots":{"index":"index","follow":"follow","max-snippet":"max-snippet:-1","max-image-preview":"max-image-preview:large","max-video-preview":"max-video-preview:-1"},"canonical":"https:\/\/kinesiologievienne38.fr\/index.php\/contact\/","og_locale":"en_US","og_type":"article","og_title":"Contact - Glasson Edwige","og_description":"6 Rue Jean-Jacques Rousseau, 38200 Vienne - T\u00e9l\u00e9phone : 07 81 29 58 21 - Mail : etsitoutdevenaitpossible@gmail.com","og_url":"https:\/\/kinesiologievienne38.fr\/index.php\/contact\/","og_site_name":"Glasson Edwige","article_modified_time":"2024-06-29T20:10:11+00:00","twitter_card":"summary_large_image","twitter_misc":{"Est. reading time":"1 minute"},"schema":{"@context":"https:\/\/schema.org","@graph":[{"@type":"WebPage","@id":"https:\/\/kinesiologievienne38.fr\/index.php\/contact\/","url":"https:\/\/kinesiologievienne38.fr\/index.php\/contact\/","name":"Contact - Glasson Edwige","isPartOf":{"@id":"http:\/\/kinesiologievienne38.fr\/#website"},"datePublished":"2019-07-17T14:39:29+00:00","dateModified":"2024-06-29T20:10:11+00:00","description":"6 Rue Jean-Jacques Rousseau, 38200 Vienne - T\u00e9l\u00e9phone : 07 81 29 58 21 - Mail : etsitoutdevenaitpossible@gmail.com","breadcrumb":{"@id":"https:\/\/kinesiologievienne38.fr\/index.php\/contact\/#breadcrumb"},"inLanguage":"en-US","potentialAction":[{"@type":"ReadAction","target":["https:\/\/kinesiologievienne38.fr\/index.php\/contact\/"]}]},{"@type":"BreadcrumbList","@id":"https:\/\/kinesiologievienne38.fr\/index.php\/contact\/#breadcrumb","itemListElement":[{"@type":"ListItem","position":1,"name":"Accueil","item":"http:\/\/kinesiologievienne38.fr\/"},{"@type":"ListItem","position":2,"name":"Contact"}]},{"@type":"WebSite","@id":"http:\/\/kinesiologievienne38.fr\/#website","url":"http:\/\/kinesiologievienne38.fr\/","name":"Glasson Edwige","description":"Kin\u00e9siologue - Praticienne TRM","potentialAction":[{"@type":"SearchAction","target":{"@type":"EntryPoint","urlTemplate":"http:\/\/kinesiologievienne38.fr\/?s={search_term_string}"},"query-input":{"@type":"PropertyValueSpecification","valueRequired":true,"valueName":"search_term_string"}}],"inLanguage":"en-US"}]}},"_links":{"self":[{"href":"https:\/\/kinesiologievienne38.fr\/index.php\/wp-json\/wp\/v2\/pages\/9","targetHints":{"allow":["GET"]}}],"collection":[{"href":"https:\/\/kinesiologievienne38.fr\/index.php\/wp-json\/wp\/v2\/pages"}],"about":[{"href":"https:\/\/kinesiologievienne38.fr\/index.php\/wp-json\/wp\/v2\/types\/page"}],"author":[{"embeddable":true,"href":"https:\/\/kinesiologievienne38.fr\/index.php\/wp-json\/wp\/v2\/users\/1"}],"replies":[{"embeddable":true,"href":"https:\/\/kinesiologievienne38.fr\/index.php\/wp-json\/wp\/v2\/comments?post=9"}],"version-history":[{"count":4,"href":"https:\/\/kinesiologievienne38.fr\/index.php\/wp-json\/wp\/v2\/pages\/9\/revisions"}],"predecessor-version":[{"id":549,"href":"https:\/\/kinesiologievienne38.fr\/index.php\/wp-json\/wp\/v2\/pages\/9\/revisions\/549"}],"wp:attachment":[{"href":"https:\/\/kinesiologievienne38.fr\/index.php\/wp-json\/wp\/v2\/media?parent=9"}],"curies":[{"name":"wp","href":"https:\/\/api.w.org\/{rel}","templated":true}]}}