{"id":91,"date":"2019-09-22T21:35:17","date_gmt":"2019-09-22T19:35:17","guid":{"rendered":"http:\/\/kinesiologievienne38.fr\/?page_id=91"},"modified":"2024-06-30T22:08:11","modified_gmt":"2024-06-30T20:08:11","slug":"kinesiologie","status":"publish","type":"page","link":"https:\/\/kinesiologievienne38.fr\/index.php\/les-pratiques\/kinesiologie\/","title":{"rendered":"KIN\u00c9SIOLOGIE"},"content":{"rendered":"\n<p align=\"justify\">La kin\u00e9siologie est une approche corporelle qui prend en compte les aspects psycho-\u00e9motionnel, structurel, nutritionnel,neurologique et \u00e9nerg\u00e9tique.<br>Elle s\u2019appuie sur des concepts de la m\u00e9decine traditionnelle chinoise, des neurosciences, des voies r\u00e9flexes et de la neurophysiologie. <br>La kin\u00e9siologie permet au consultant de se lib\u00e9rer de ses structures inconscientes limitantes (blocages) et d\u2019att\u00e9nuer les stress associ\u00e9s.  <br>Il s\u2019agit d\u2019\u00e9tablir de nouvelles intentions afin de voir sa vie sous un angle diff\u00e9rent et ainsi de d\u00e9couvrir&nbsp;ses propres r\u00e9ponses pour atteindre son plein potentiel.&nbsp; <\/p>\n\n\n<div class=\"wp-block-image\">\n<figure class=\"alignleft size-large is-resized\"><img loading=\"lazy\" decoding=\"async\" width=\"683\" height=\"1024\" src=\"https:\/\/kinesiologievienne38.fr\/wp-content\/uploads\/2024\/06\/la-kinesiologie-et-ses-bienfaits-683x1024.jpg\" alt=\"\" class=\"wp-image-530\" style=\"aspect-ratio:1;object-fit:cover;width:280px;height:auto\" srcset=\"https:\/\/kinesiologievienne38.fr\/wp-content\/uploads\/2024\/06\/la-kinesiologie-et-ses-bienfaits-683x1024.jpg 683w, https:\/\/kinesiologievienne38.fr\/wp-content\/uploads\/2024\/06\/la-kinesiologie-et-ses-bienfaits-200x300.jpg 200w, https:\/\/kinesiologievienne38.fr\/wp-content\/uploads\/2024\/06\/la-kinesiologie-et-ses-bienfaits-768x1152.jpg 768w, https:\/\/kinesiologievienne38.fr\/wp-content\/uploads\/2024\/06\/la-kinesiologie-et-ses-bienfaits.jpg 1000w\" sizes=\"auto, (max-width: 683px) 100vw, 683px\" \/><\/figure>\n<\/div>\n\n\n<p class=\"has-text-align-center\"><strong>Le corps ne ment pas et se souvient de tout !<\/strong><\/p>\n\n\n\n<p align=\"justify\">     Un&nbsp;kin\u00e9siologue&nbsp;est un praticien qui \u00e9tablit un dialogue direct avec son consultant par l&#8217;interm\u00e9diaire du corps et surtout de ses m\u00e9moires. Son outil qui est le&nbsp;test musculaire consiste en une l\u00e9g\u00e8re pression sur un muscle, qui permet une communication \u00e9nerg\u00e9tique ind\u00e9pendante de la force musculaire. <\/p>\n\n\n\n<p>Voici une vid\u00e9o de Mr  Freddy Potschka qui explique les principes de la kin\u00e9siologie <\/p>\n\n\n\n<figure class=\"wp-block-embed is-type-video is-provider-youtube wp-block-embed-youtube wp-embed-aspect-16-9 wp-has-aspect-ratio\"><div class=\"wp-block-embed__wrapper\">\n<iframe loading=\"lazy\" title=\"Qu&#039;est ce que la kinesiologie Freddy Potschka sur Pr\u00e9vention\" width=\"525\" height=\"295\" src=\"https:\/\/www.youtube.com\/embed\/IB1q-1B86bQ?feature=oembed\" frameborder=\"0\" allow=\"accelerometer; autoplay; clipboard-write; encrypted-media; gyroscope; picture-in-picture; web-share\" referrerpolicy=\"strict-origin-when-cross-origin\" allowfullscreen><\/iframe>\n<\/div><\/figure>\n\n\n\n<p> et voici une autre vid\u00e9o diffus\u00e9e sur BFMTV le 29 Octobre 2017, explicatiquant la pratique de la kin\u00e9siologie en quelques minutes.<\/p>\n\n\n\n<p><a href=\"https:\/\/www.bfmtv.com\/static\/nxt-video\/embed-playerBridge.html?video=5629018892001&amp;account=876450610001\">https:\/\/www.bfmtv.com\/static\/nxt-video\/embed-playerBridge.html?video=5629018892001&amp;account=876450610001<\/a><\/p>\n\n\n\n<p>La kin\u00e9siologie est un outil qui permet une multitude de traitement. <\/p>\n\n\n\n<p>De plus je pratique d&#8217;autre m\u00e9thode comme le <a href=\"https:\/\/kinesiologievienne38.fr\/index.php\/les-pratiques\/cranio-sacree\/\">cr\u00e2nio-sacr\u00e9e<\/a>, ainsi que la m\u00e9thode <a href=\"https:\/\/kinesiologievienne38.fr\/index.php\/les-pratiques\/total-reset-methode\/\">TRM<\/a>.<\/p>\n","protected":false},"excerpt":{"rendered":"<p>La kin\u00e9siologie est une approche corporelle qui prend en compte les aspects psycho-\u00e9motionnel, structurel, nutritionnel,neurologique et \u00e9nerg\u00e9tique.Elle s\u2019appuie sur des concepts de la m\u00e9decine traditionnelle chinoise, des neurosciences, des voies r\u00e9flexes et de la neurophysiologie. La kin\u00e9siologie permet au consultant de se lib\u00e9rer de ses structures inconscientes limitantes (blocages) et d\u2019att\u00e9nuer les stress associ\u00e9s. Il &hellip; <\/p>\n<p class=\"link-more\"><a href=\"https:\/\/kinesiologievienne38.fr\/index.php\/les-pratiques\/kinesiologie\/\" class=\"more-link\">Continue reading<span class=\"screen-reader-text\"> &#8220;KIN\u00c9SIOLOGIE&#8221;<\/span><\/a><\/p>\n","protected":false},"author":1,"featured_media":0,"parent":70,"menu_order":0,"comment_status":"closed","ping_status":"closed","template":"","meta":{"footnotes":""},"class_list":["post-91","page","type-page","status-publish","hentry"],"yoast_head":"<!-- This site is optimized with the Yoast SEO plugin v27.5 - https:\/\/yoast.com\/product\/yoast-seo-wordpress\/ -->\n<title>KIN\u00c9SIOLOGIE - Glasson Edwige Vienne 38<\/title>\n<meta name=\"description\" content=\"les exemples et la pratique de la kin\u00e9siologie en France, les bienfaits et leur apport. La kin\u00e9siologie est une m\u00e9thode global pour un meilleur bien \u00eatre.\" \/>\n<meta name=\"robots\" content=\"index, follow, max-snippet:-1, max-image-preview:large, max-video-preview:-1\" \/>\n<link rel=\"canonical\" href=\"http:\/\/kinesiologievienne38.fr\/index.php\/les-pratiques\/kinesiologie\/\" \/>\n<meta property=\"og:locale\" content=\"en_US\" \/>\n<meta property=\"og:type\" content=\"article\" \/>\n<meta property=\"og:title\" content=\"KIN\u00c9SIOLOGIE - Glasson Edwige Vienne 38\" \/>\n<meta property=\"og:description\" content=\"les exemples et la pratique de la kin\u00e9siologie en France, les bienfaits et leur apport. La kin\u00e9siologie est une m\u00e9thode global pour un meilleur bien \u00eatre.\" \/>\n<meta property=\"og:url\" content=\"http:\/\/kinesiologievienne38.fr\/index.php\/les-pratiques\/kinesiologie\/\" \/>\n<meta property=\"og:site_name\" content=\"Glasson Edwige\" \/>\n<meta property=\"article:modified_time\" content=\"2024-06-30T20:08:11+00:00\" \/>\n<meta property=\"og:image\" content=\"https:\/\/kinesiologievienne38.fr\/wp-content\/uploads\/2024\/06\/la-kinesiologie-et-ses-bienfaits-683x1024.jpg\" \/>\n<meta name=\"twitter:card\" content=\"summary_large_image\" \/>\n<meta name=\"twitter:label1\" content=\"Est. reading time\" \/>\n\t<meta name=\"twitter:data1\" content=\"2 minutes\" \/>\n<script type=\"application\/ld+json\" class=\"yoast-schema-graph\">{\"@context\":\"https:\\\/\\\/schema.org\",\"@graph\":[{\"@type\":\"WebPage\",\"@id\":\"http:\\\/\\\/kinesiologievienne38.fr\\\/index.php\\\/les-pratiques\\\/kinesiologie\\\/\",\"url\":\"http:\\\/\\\/kinesiologievienne38.fr\\\/index.php\\\/les-pratiques\\\/kinesiologie\\\/\",\"name\":\"KIN\u00c9SIOLOGIE - Glasson Edwige Vienne 38\",\"isPartOf\":{\"@id\":\"http:\\\/\\\/kinesiologievienne38.fr\\\/#website\"},\"primaryImageOfPage\":{\"@id\":\"http:\\\/\\\/kinesiologievienne38.fr\\\/index.php\\\/les-pratiques\\\/kinesiologie\\\/#primaryimage\"},\"image\":{\"@id\":\"http:\\\/\\\/kinesiologievienne38.fr\\\/index.php\\\/les-pratiques\\\/kinesiologie\\\/#primaryimage\"},\"thumbnailUrl\":\"https:\\\/\\\/kinesiologievienne38.fr\\\/wp-content\\\/uploads\\\/2024\\\/06\\\/la-kinesiologie-et-ses-bienfaits-683x1024.jpg\",\"datePublished\":\"2019-09-22T19:35:17+00:00\",\"dateModified\":\"2024-06-30T20:08:11+00:00\",\"description\":\"les exemples et la pratique de la kin\u00e9siologie en France, les bienfaits et leur apport. La kin\u00e9siologie est une m\u00e9thode global pour un meilleur bien \u00eatre.\",\"breadcrumb\":{\"@id\":\"http:\\\/\\\/kinesiologievienne38.fr\\\/index.php\\\/les-pratiques\\\/kinesiologie\\\/#breadcrumb\"},\"inLanguage\":\"en-US\",\"potentialAction\":[{\"@type\":\"ReadAction\",\"target\":[\"http:\\\/\\\/kinesiologievienne38.fr\\\/index.php\\\/les-pratiques\\\/kinesiologie\\\/\"]}]},{\"@type\":\"ImageObject\",\"inLanguage\":\"en-US\",\"@id\":\"http:\\\/\\\/kinesiologievienne38.fr\\\/index.php\\\/les-pratiques\\\/kinesiologie\\\/#primaryimage\",\"url\":\"https:\\\/\\\/kinesiologievienne38.fr\\\/wp-content\\\/uploads\\\/2024\\\/06\\\/la-kinesiologie-et-ses-bienfaits.jpg\",\"contentUrl\":\"https:\\\/\\\/kinesiologievienne38.fr\\\/wp-content\\\/uploads\\\/2024\\\/06\\\/la-kinesiologie-et-ses-bienfaits.jpg\",\"width\":1000,\"height\":1500},{\"@type\":\"BreadcrumbList\",\"@id\":\"http:\\\/\\\/kinesiologievienne38.fr\\\/index.php\\\/les-pratiques\\\/kinesiologie\\\/#breadcrumb\",\"itemListElement\":[{\"@type\":\"ListItem\",\"position\":1,\"name\":\"Accueil\",\"item\":\"http:\\\/\\\/kinesiologievienne38.fr\\\/\"},{\"@type\":\"ListItem\",\"position\":2,\"name\":\"Les pratiques\",\"item\":\"http:\\\/\\\/kinesiologievienne38.fr\\\/index.php\\\/les-pratiques\\\/\"},{\"@type\":\"ListItem\",\"position\":3,\"name\":\"KIN\u00c9SIOLOGIE\"}]},{\"@type\":\"WebSite\",\"@id\":\"http:\\\/\\\/kinesiologievienne38.fr\\\/#website\",\"url\":\"http:\\\/\\\/kinesiologievienne38.fr\\\/\",\"name\":\"Glasson Edwige\",\"description\":\"Kin\u00e9siologue - Praticienne TRM\",\"potentialAction\":[{\"@type\":\"SearchAction\",\"target\":{\"@type\":\"EntryPoint\",\"urlTemplate\":\"http:\\\/\\\/kinesiologievienne38.fr\\\/?s={search_term_string}\"},\"query-input\":{\"@type\":\"PropertyValueSpecification\",\"valueRequired\":true,\"valueName\":\"search_term_string\"}}],\"inLanguage\":\"en-US\"}]}<\/script>\n<!-- \/ Yoast SEO plugin. -->","yoast_head_json":{"title":"KIN\u00c9SIOLOGIE - Glasson Edwige Vienne 38","description":"les exemples et la pratique de la kin\u00e9siologie en France, les bienfaits et leur apport. La kin\u00e9siologie est une m\u00e9thode global pour un meilleur bien \u00eatre.","robots":{"index":"index","follow":"follow","max-snippet":"max-snippet:-1","max-image-preview":"max-image-preview:large","max-video-preview":"max-video-preview:-1"},"canonical":"http:\/\/kinesiologievienne38.fr\/index.php\/les-pratiques\/kinesiologie\/","og_locale":"en_US","og_type":"article","og_title":"KIN\u00c9SIOLOGIE - Glasson Edwige Vienne 38","og_description":"les exemples et la pratique de la kin\u00e9siologie en France, les bienfaits et leur apport. La kin\u00e9siologie est une m\u00e9thode global pour un meilleur bien \u00eatre.","og_url":"http:\/\/kinesiologievienne38.fr\/index.php\/les-pratiques\/kinesiologie\/","og_site_name":"Glasson Edwige","article_modified_time":"2024-06-30T20:08:11+00:00","og_image":[{"url":"https:\/\/kinesiologievienne38.fr\/wp-content\/uploads\/2024\/06\/la-kinesiologie-et-ses-bienfaits-683x1024.jpg","type":"","width":"","height":""}],"twitter_card":"summary_large_image","twitter_misc":{"Est. reading time":"2 minutes"},"schema":{"@context":"https:\/\/schema.org","@graph":[{"@type":"WebPage","@id":"http:\/\/kinesiologievienne38.fr\/index.php\/les-pratiques\/kinesiologie\/","url":"http:\/\/kinesiologievienne38.fr\/index.php\/les-pratiques\/kinesiologie\/","name":"KIN\u00c9SIOLOGIE - Glasson Edwige Vienne 38","isPartOf":{"@id":"http:\/\/kinesiologievienne38.fr\/#website"},"primaryImageOfPage":{"@id":"http:\/\/kinesiologievienne38.fr\/index.php\/les-pratiques\/kinesiologie\/#primaryimage"},"image":{"@id":"http:\/\/kinesiologievienne38.fr\/index.php\/les-pratiques\/kinesiologie\/#primaryimage"},"thumbnailUrl":"https:\/\/kinesiologievienne38.fr\/wp-content\/uploads\/2024\/06\/la-kinesiologie-et-ses-bienfaits-683x1024.jpg","datePublished":"2019-09-22T19:35:17+00:00","dateModified":"2024-06-30T20:08:11+00:00","description":"les exemples et la pratique de la kin\u00e9siologie en France, les bienfaits et leur apport. La kin\u00e9siologie est une m\u00e9thode global pour un meilleur bien \u00eatre.","breadcrumb":{"@id":"http:\/\/kinesiologievienne38.fr\/index.php\/les-pratiques\/kinesiologie\/#breadcrumb"},"inLanguage":"en-US","potentialAction":[{"@type":"ReadAction","target":["http:\/\/kinesiologievienne38.fr\/index.php\/les-pratiques\/kinesiologie\/"]}]},{"@type":"ImageObject","inLanguage":"en-US","@id":"http:\/\/kinesiologievienne38.fr\/index.php\/les-pratiques\/kinesiologie\/#primaryimage","url":"https:\/\/kinesiologievienne38.fr\/wp-content\/uploads\/2024\/06\/la-kinesiologie-et-ses-bienfaits.jpg","contentUrl":"https:\/\/kinesiologievienne38.fr\/wp-content\/uploads\/2024\/06\/la-kinesiologie-et-ses-bienfaits.jpg","width":1000,"height":1500},{"@type":"BreadcrumbList","@id":"http:\/\/kinesiologievienne38.fr\/index.php\/les-pratiques\/kinesiologie\/#breadcrumb","itemListElement":[{"@type":"ListItem","position":1,"name":"Accueil","item":"http:\/\/kinesiologievienne38.fr\/"},{"@type":"ListItem","position":2,"name":"Les pratiques","item":"http:\/\/kinesiologievienne38.fr\/index.php\/les-pratiques\/"},{"@type":"ListItem","position":3,"name":"KIN\u00c9SIOLOGIE"}]},{"@type":"WebSite","@id":"http:\/\/kinesiologievienne38.fr\/#website","url":"http:\/\/kinesiologievienne38.fr\/","name":"Glasson Edwige","description":"Kin\u00e9siologue - Praticienne TRM","potentialAction":[{"@type":"SearchAction","target":{"@type":"EntryPoint","urlTemplate":"http:\/\/kinesiologievienne38.fr\/?s={search_term_string}"},"query-input":{"@type":"PropertyValueSpecification","valueRequired":true,"valueName":"search_term_string"}}],"inLanguage":"en-US"}]}},"_links":{"self":[{"href":"https:\/\/kinesiologievienne38.fr\/index.php\/wp-json\/wp\/v2\/pages\/91","targetHints":{"allow":["GET"]}}],"collection":[{"href":"https:\/\/kinesiologievienne38.fr\/index.php\/wp-json\/wp\/v2\/pages"}],"about":[{"href":"https:\/\/kinesiologievienne38.fr\/index.php\/wp-json\/wp\/v2\/types\/page"}],"author":[{"embeddable":true,"href":"https:\/\/kinesiologievienne38.fr\/index.php\/wp-json\/wp\/v2\/users\/1"}],"replies":[{"embeddable":true,"href":"https:\/\/kinesiologievienne38.fr\/index.php\/wp-json\/wp\/v2\/comments?post=91"}],"version-history":[{"count":5,"href":"https:\/\/kinesiologievienne38.fr\/index.php\/wp-json\/wp\/v2\/pages\/91\/revisions"}],"predecessor-version":[{"id":558,"href":"https:\/\/kinesiologievienne38.fr\/index.php\/wp-json\/wp\/v2\/pages\/91\/revisions\/558"}],"up":[{"embeddable":true,"href":"https:\/\/kinesiologievienne38.fr\/index.php\/wp-json\/wp\/v2\/pages\/70"}],"wp:attachment":[{"href":"https:\/\/kinesiologievienne38.fr\/index.php\/wp-json\/wp\/v2\/media?parent=91"}],"curies":[{"name":"wp","href":"https:\/\/api.w.org\/{rel}","templated":true}]}}