{"id":93,"date":"2019-09-22T21:36:21","date_gmt":"2019-09-22T19:36:21","guid":{"rendered":"http:\/\/kinesiologievienne38.fr\/?page_id=93"},"modified":"2024-06-30T22:15:51","modified_gmt":"2024-06-30T20:15:51","slug":"total-reset-methode","status":"publish","type":"page","link":"https:\/\/kinesiologievienne38.fr\/index.php\/les-pratiques\/total-reset-methode\/","title":{"rendered":"TOTAL RESET METHODE"},"content":{"rendered":"\n<p>c&#8217;est une m\u00e9thode \u00e0 la crois\u00e9e des approches occidentales et orientales qui soutient le syst\u00e8me immunitaire pas \u00e0 pas.<\/p>\n\n\n<div class=\"wp-block-image is-resized\">\n<figure class=\"alignleft size-large\"><img loading=\"lazy\" decoding=\"async\" width=\"1024\" height=\"1024\" src=\"https:\/\/kinesiologievienne38.fr\/wp-content\/uploads\/2024\/06\/petals_web-1024x1024.jpg\" alt=\"\" class=\"wp-image-528\" style=\"width:395px;height:auto\" srcset=\"https:\/\/kinesiologievienne38.fr\/wp-content\/uploads\/2024\/06\/petals_web-1024x1024.jpg 1024w, https:\/\/kinesiologievienne38.fr\/wp-content\/uploads\/2024\/06\/petals_web-300x300.jpg 300w, https:\/\/kinesiologievienne38.fr\/wp-content\/uploads\/2024\/06\/petals_web-150x150.jpg 150w, https:\/\/kinesiologievienne38.fr\/wp-content\/uploads\/2024\/06\/petals_web-768x768.jpg 768w, https:\/\/kinesiologievienne38.fr\/wp-content\/uploads\/2024\/06\/petals_web-100x100.jpg 100w, https:\/\/kinesiologievienne38.fr\/wp-content\/uploads\/2024\/06\/petals_web.jpg 1200w\" sizes=\"auto, (max-width: 767px) 89vw, (max-width: 1000px) 54vw, (max-width: 1071px) 543px, 580px\" \/><\/figure>\n<\/div>\n\n\n<p align=\"justify\">Ainsi elle contribue \u00e0 lib\u00e9rer les troubles de sant\u00e9 tels que r\u00e9actions allergiques, intol\u00e9rances alimentaires et environnementales.\n<br>\nelle a pour but de se rapprocher le plus possible de la probl\u00e9matique individuelle du patient et l&#8217;aider ainsi \u00e0 retrouver un \u00e9tat de sant\u00e9 optimale.\n<br>\nPour cela, Total RESET utilise un traitement en deux temps:\n<ul align=\"justify\">\n\u00c9quilibrage des substances essentielles du quotidien qui constituent le terrain selon un ordre de priorit\u00e9 bien \u00e9tabli et valid\u00e9. Ce travail permet la tol\u00e9rance \u00e0 ces substances et apporte un soutien au m\u00e9tabolisme g\u00e9n\u00e9ral, ainsi qu&#8217;au syst\u00e8me immunitaire donnant au corps la possibilit\u00e9 de retrouver l&#8217;\u00e9nergie n\u00e9cessaire \u00e0 sa gu\u00e9rison.\n<br>\nR\u00e9\u00e9quilibrages compl\u00e9mentaires pourront alors r\u00e9guler les manifestations &#8220;r\u00e9calcitrantes&#8221; d&#8217;ordre aussi bien physiques, qu&#8217;alimentaires ou psycho-\u00e9motionnelles.\n<\/ul>\n<br>\nC&#8217;est pourquoi elle est indiqu\u00e9e aux personnes atteintes de troubles de sant\u00e9 chroniques ou fonctionnels, des plus b\u00e9nins aux plus invalidants: troubles cutan\u00e9es, maux de t\u00eate, probl\u00e8mes cardio-vasculaires, articulaires, d\u00e9r\u00e8glements hormonaux, probl\u00e8mes digestifs, probl\u00e8mes respiratoires allergiques saisonniers, fragilit\u00e9 respiratoire, d\u00e9pendances, troubles de l&#8217;humeur, troubles du comportement et de l&#8217;attention, d\u00e9sordres immunitaires, douleurs, fatigue chronique, troubles du sommeil&#8230;\n<\/p>\n\n\n\n<p>voici le site des d\u00e9tails de ma pratiquedu TRM.<\/p>\n\n\n\n<p><a href=\"https:\/\/www.allergyfree.fr\/\">Allergy Free<\/a><\/p>\n\n\n\n<p>Voir aussi :<br><a href=\"https:\/\/www.total-reset.fr\/\">total-reset.fr<\/a><\/p>\n\n\n\n<p>De plus je pratique d&#8217;autre m\u00e9thode comme le <a href=\"https:\/\/kinesiologievienne38.fr\/index.php\/les-pratiques\/cranio-sacree\/\">cr\u00e2nio-sacr\u00e9e<\/a>, ainsi que de la<a href=\"https:\/\/kinesiologievienne38.fr\/index.php\/les-pratiques\/kinesiologie\/\"> kin\u00e9siologie<\/a>.<\/p>\n","protected":false},"excerpt":{"rendered":"<p>c&#8217;est une m\u00e9thode \u00e0 la crois\u00e9e des approches occidentales et orientales qui soutient le syst\u00e8me immunitaire pas \u00e0 pas. Ainsi elle contribue \u00e0 lib\u00e9rer les troubles de sant\u00e9 tels que r\u00e9actions allergiques, intol\u00e9rances alimentaires et environnementales. elle a pour but de se rapprocher le plus possible de la probl\u00e9matique individuelle du patient et l&#8217;aider ainsi &hellip; <\/p>\n<p class=\"link-more\"><a href=\"https:\/\/kinesiologievienne38.fr\/index.php\/les-pratiques\/total-reset-methode\/\" class=\"more-link\">Continue reading<span class=\"screen-reader-text\"> &#8220;TOTAL RESET METHODE&#8221;<\/span><\/a><\/p>\n","protected":false},"author":1,"featured_media":0,"parent":70,"menu_order":0,"comment_status":"closed","ping_status":"closed","template":"","meta":{"footnotes":""},"class_list":["post-93","page","type-page","status-publish","hentry"],"yoast_head":"<!-- This site is optimized with the Yoast SEO plugin v27.5 - https:\/\/yoast.com\/product\/yoast-seo-wordpress\/ -->\n<title>TOTAL RESET METHODE - Glasson Edwige<\/title>\n<meta name=\"robots\" content=\"index, follow, max-snippet:-1, max-image-preview:large, max-video-preview:-1\" \/>\n<link rel=\"canonical\" href=\"http:\/\/kinesiologievienne38.fr\/index.php\/les-pratiques\/total-reset-methode\/\" \/>\n<meta property=\"og:locale\" content=\"en_US\" \/>\n<meta property=\"og:type\" content=\"article\" \/>\n<meta property=\"og:title\" content=\"TOTAL RESET METHODE - Glasson Edwige\" \/>\n<meta property=\"og:description\" content=\"c&#8217;est une m\u00e9thode \u00e0 la crois\u00e9e des approches occidentales et orientales qui soutient le syst\u00e8me immunitaire pas \u00e0 pas. Ainsi elle contribue \u00e0 lib\u00e9rer les troubles de sant\u00e9 tels que r\u00e9actions allergiques, intol\u00e9rances alimentaires et environnementales. elle a pour but de se rapprocher le plus possible de la probl\u00e9matique individuelle du patient et l&#8217;aider ainsi &hellip; Continue reading &quot;TOTAL RESET METHODE&quot;\" \/>\n<meta property=\"og:url\" content=\"http:\/\/kinesiologievienne38.fr\/index.php\/les-pratiques\/total-reset-methode\/\" \/>\n<meta property=\"og:site_name\" content=\"Glasson Edwige\" \/>\n<meta property=\"article:modified_time\" content=\"2024-06-30T20:15:51+00:00\" \/>\n<meta property=\"og:image\" content=\"https:\/\/kinesiologievienne38.fr\/wp-content\/uploads\/2024\/06\/petals_web-1024x1024.jpg\" \/>\n<meta name=\"twitter:card\" content=\"summary_large_image\" \/>\n<meta name=\"twitter:label1\" content=\"Est. reading time\" \/>\n\t<meta name=\"twitter:data1\" content=\"2 minutes\" \/>\n<script type=\"application\/ld+json\" class=\"yoast-schema-graph\">{\"@context\":\"https:\\\/\\\/schema.org\",\"@graph\":[{\"@type\":\"WebPage\",\"@id\":\"http:\\\/\\\/kinesiologievienne38.fr\\\/index.php\\\/les-pratiques\\\/total-reset-methode\\\/\",\"url\":\"http:\\\/\\\/kinesiologievienne38.fr\\\/index.php\\\/les-pratiques\\\/total-reset-methode\\\/\",\"name\":\"TOTAL RESET METHODE - Glasson Edwige\",\"isPartOf\":{\"@id\":\"http:\\\/\\\/kinesiologievienne38.fr\\\/#website\"},\"primaryImageOfPage\":{\"@id\":\"http:\\\/\\\/kinesiologievienne38.fr\\\/index.php\\\/les-pratiques\\\/total-reset-methode\\\/#primaryimage\"},\"image\":{\"@id\":\"http:\\\/\\\/kinesiologievienne38.fr\\\/index.php\\\/les-pratiques\\\/total-reset-methode\\\/#primaryimage\"},\"thumbnailUrl\":\"https:\\\/\\\/kinesiologievienne38.fr\\\/wp-content\\\/uploads\\\/2024\\\/06\\\/petals_web-1024x1024.jpg\",\"datePublished\":\"2019-09-22T19:36:21+00:00\",\"dateModified\":\"2024-06-30T20:15:51+00:00\",\"breadcrumb\":{\"@id\":\"http:\\\/\\\/kinesiologievienne38.fr\\\/index.php\\\/les-pratiques\\\/total-reset-methode\\\/#breadcrumb\"},\"inLanguage\":\"en-US\",\"potentialAction\":[{\"@type\":\"ReadAction\",\"target\":[\"http:\\\/\\\/kinesiologievienne38.fr\\\/index.php\\\/les-pratiques\\\/total-reset-methode\\\/\"]}]},{\"@type\":\"ImageObject\",\"inLanguage\":\"en-US\",\"@id\":\"http:\\\/\\\/kinesiologievienne38.fr\\\/index.php\\\/les-pratiques\\\/total-reset-methode\\\/#primaryimage\",\"url\":\"https:\\\/\\\/kinesiologievienne38.fr\\\/wp-content\\\/uploads\\\/2024\\\/06\\\/petals_web.jpg\",\"contentUrl\":\"https:\\\/\\\/kinesiologievienne38.fr\\\/wp-content\\\/uploads\\\/2024\\\/06\\\/petals_web.jpg\",\"width\":1200,\"height\":1200},{\"@type\":\"BreadcrumbList\",\"@id\":\"http:\\\/\\\/kinesiologievienne38.fr\\\/index.php\\\/les-pratiques\\\/total-reset-methode\\\/#breadcrumb\",\"itemListElement\":[{\"@type\":\"ListItem\",\"position\":1,\"name\":\"Accueil\",\"item\":\"http:\\\/\\\/kinesiologievienne38.fr\\\/\"},{\"@type\":\"ListItem\",\"position\":2,\"name\":\"Les pratiques\",\"item\":\"http:\\\/\\\/kinesiologievienne38.fr\\\/index.php\\\/les-pratiques\\\/\"},{\"@type\":\"ListItem\",\"position\":3,\"name\":\"TOTAL RESET METHODE\"}]},{\"@type\":\"WebSite\",\"@id\":\"http:\\\/\\\/kinesiologievienne38.fr\\\/#website\",\"url\":\"http:\\\/\\\/kinesiologievienne38.fr\\\/\",\"name\":\"Glasson Edwige\",\"description\":\"Kin\u00e9siologue - Praticienne TRM\",\"potentialAction\":[{\"@type\":\"SearchAction\",\"target\":{\"@type\":\"EntryPoint\",\"urlTemplate\":\"http:\\\/\\\/kinesiologievienne38.fr\\\/?s={search_term_string}\"},\"query-input\":{\"@type\":\"PropertyValueSpecification\",\"valueRequired\":true,\"valueName\":\"search_term_string\"}}],\"inLanguage\":\"en-US\"}]}<\/script>\n<!-- \/ Yoast SEO plugin. -->","yoast_head_json":{"title":"TOTAL RESET METHODE - Glasson Edwige","robots":{"index":"index","follow":"follow","max-snippet":"max-snippet:-1","max-image-preview":"max-image-preview:large","max-video-preview":"max-video-preview:-1"},"canonical":"http:\/\/kinesiologievienne38.fr\/index.php\/les-pratiques\/total-reset-methode\/","og_locale":"en_US","og_type":"article","og_title":"TOTAL RESET METHODE - Glasson Edwige","og_description":"c&#8217;est une m\u00e9thode \u00e0 la crois\u00e9e des approches occidentales et orientales qui soutient le syst\u00e8me immunitaire pas \u00e0 pas. Ainsi elle contribue \u00e0 lib\u00e9rer les troubles de sant\u00e9 tels que r\u00e9actions allergiques, intol\u00e9rances alimentaires et environnementales. elle a pour but de se rapprocher le plus possible de la probl\u00e9matique individuelle du patient et l&#8217;aider ainsi &hellip; Continue reading \"TOTAL RESET METHODE\"","og_url":"http:\/\/kinesiologievienne38.fr\/index.php\/les-pratiques\/total-reset-methode\/","og_site_name":"Glasson Edwige","article_modified_time":"2024-06-30T20:15:51+00:00","og_image":[{"url":"https:\/\/kinesiologievienne38.fr\/wp-content\/uploads\/2024\/06\/petals_web-1024x1024.jpg","type":"","width":"","height":""}],"twitter_card":"summary_large_image","twitter_misc":{"Est. reading time":"2 minutes"},"schema":{"@context":"https:\/\/schema.org","@graph":[{"@type":"WebPage","@id":"http:\/\/kinesiologievienne38.fr\/index.php\/les-pratiques\/total-reset-methode\/","url":"http:\/\/kinesiologievienne38.fr\/index.php\/les-pratiques\/total-reset-methode\/","name":"TOTAL RESET METHODE - Glasson Edwige","isPartOf":{"@id":"http:\/\/kinesiologievienne38.fr\/#website"},"primaryImageOfPage":{"@id":"http:\/\/kinesiologievienne38.fr\/index.php\/les-pratiques\/total-reset-methode\/#primaryimage"},"image":{"@id":"http:\/\/kinesiologievienne38.fr\/index.php\/les-pratiques\/total-reset-methode\/#primaryimage"},"thumbnailUrl":"https:\/\/kinesiologievienne38.fr\/wp-content\/uploads\/2024\/06\/petals_web-1024x1024.jpg","datePublished":"2019-09-22T19:36:21+00:00","dateModified":"2024-06-30T20:15:51+00:00","breadcrumb":{"@id":"http:\/\/kinesiologievienne38.fr\/index.php\/les-pratiques\/total-reset-methode\/#breadcrumb"},"inLanguage":"en-US","potentialAction":[{"@type":"ReadAction","target":["http:\/\/kinesiologievienne38.fr\/index.php\/les-pratiques\/total-reset-methode\/"]}]},{"@type":"ImageObject","inLanguage":"en-US","@id":"http:\/\/kinesiologievienne38.fr\/index.php\/les-pratiques\/total-reset-methode\/#primaryimage","url":"https:\/\/kinesiologievienne38.fr\/wp-content\/uploads\/2024\/06\/petals_web.jpg","contentUrl":"https:\/\/kinesiologievienne38.fr\/wp-content\/uploads\/2024\/06\/petals_web.jpg","width":1200,"height":1200},{"@type":"BreadcrumbList","@id":"http:\/\/kinesiologievienne38.fr\/index.php\/les-pratiques\/total-reset-methode\/#breadcrumb","itemListElement":[{"@type":"ListItem","position":1,"name":"Accueil","item":"http:\/\/kinesiologievienne38.fr\/"},{"@type":"ListItem","position":2,"name":"Les pratiques","item":"http:\/\/kinesiologievienne38.fr\/index.php\/les-pratiques\/"},{"@type":"ListItem","position":3,"name":"TOTAL RESET METHODE"}]},{"@type":"WebSite","@id":"http:\/\/kinesiologievienne38.fr\/#website","url":"http:\/\/kinesiologievienne38.fr\/","name":"Glasson Edwige","description":"Kin\u00e9siologue - Praticienne TRM","potentialAction":[{"@type":"SearchAction","target":{"@type":"EntryPoint","urlTemplate":"http:\/\/kinesiologievienne38.fr\/?s={search_term_string}"},"query-input":{"@type":"PropertyValueSpecification","valueRequired":true,"valueName":"search_term_string"}}],"inLanguage":"en-US"}]}},"_links":{"self":[{"href":"https:\/\/kinesiologievienne38.fr\/index.php\/wp-json\/wp\/v2\/pages\/93","targetHints":{"allow":["GET"]}}],"collection":[{"href":"https:\/\/kinesiologievienne38.fr\/index.php\/wp-json\/wp\/v2\/pages"}],"about":[{"href":"https:\/\/kinesiologievienne38.fr\/index.php\/wp-json\/wp\/v2\/types\/page"}],"author":[{"embeddable":true,"href":"https:\/\/kinesiologievienne38.fr\/index.php\/wp-json\/wp\/v2\/users\/1"}],"replies":[{"embeddable":true,"href":"https:\/\/kinesiologievienne38.fr\/index.php\/wp-json\/wp\/v2\/comments?post=93"}],"version-history":[{"count":8,"href":"https:\/\/kinesiologievienne38.fr\/index.php\/wp-json\/wp\/v2\/pages\/93\/revisions"}],"predecessor-version":[{"id":566,"href":"https:\/\/kinesiologievienne38.fr\/index.php\/wp-json\/wp\/v2\/pages\/93\/revisions\/566"}],"up":[{"embeddable":true,"href":"https:\/\/kinesiologievienne38.fr\/index.php\/wp-json\/wp\/v2\/pages\/70"}],"wp:attachment":[{"href":"https:\/\/kinesiologievienne38.fr\/index.php\/wp-json\/wp\/v2\/media?parent=93"}],"curies":[{"name":"wp","href":"https:\/\/api.w.org\/{rel}","templated":true}]}}