{"id":95,"date":"2019-09-22T21:36:58","date_gmt":"2019-09-22T19:36:58","guid":{"rendered":"http:\/\/kinesiologievienne38.fr\/?page_id=95"},"modified":"2024-07-08T22:52:21","modified_gmt":"2024-07-08T20:52:21","slug":"cranio-sacree","status":"publish","type":"page","link":"https:\/\/kinesiologievienne38.fr\/index.php\/les-pratiques\/cranio-sacree\/","title":{"rendered":"CR\u00c2NIO-SACR\u00c9E"},"content":{"rendered":"\n<p align=\"justify\">Technique cranio-sacr\u00e9e est une th\u00e9rapie manuelle tr\u00e8s douce et profonde d\u00e9riv\u00e9e de l&#8217;osth\u00e9opathie et d\u00e9velopp\u00e9e tout d&#8217;abord par l&#8217;ost\u00e9opathe am\u00e9ricain <a href=\"https:\/\/fr.wikipedia.org\/wiki\/William_Garner_Sutherland\">William Sutherland (1873-1954)<\/a>.<\/p>\n\n\n<div class=\"wp-block-image is-resized\">\n<figure class=\"alignright size-full\"><img loading=\"lazy\" decoding=\"async\" width=\"400\" height=\"443\" src=\"https:\/\/kinesiologievienne38.fr\/wp-content\/uploads\/2024\/06\/spine-257870_1920.jpeg\" alt=\"\" class=\"wp-image-526\" srcset=\"https:\/\/kinesiologievienne38.fr\/wp-content\/uploads\/2024\/06\/spine-257870_1920.jpeg 400w, https:\/\/kinesiologievienne38.fr\/wp-content\/uploads\/2024\/06\/spine-257870_1920-271x300.jpeg 271w\" sizes=\"auto, (max-width: 400px) 100vw, 400px\" \/><\/figure>\n<\/div>\n\n\n<div class=\"wp-block-group\"><div class=\"wp-block-group__inner-container is-layout-flow wp-block-group-is-layout-flow\">\n<p align=\"justify\">Cette th\u00e9rapie est fond\u00e9e sur l&#8217;existance d&#8217;une pulsation, d&#8217;un mouvement respiratoire primaire du liquide c\u00e9phalo-rachidien. Il s&#8217;exprime et est ressentie dans tous les tissus et structures du corps.<br>Les mains du th\u00e9rapeute se mettent \u00e0 l&#8217;\u00e9coute pour accompagner ce mouvement subtil.<br>Cette m\u00e9thode permet de d\u00e9tecter et de corriger des d\u00e9s\u00e9quilibre pouvant se traduire par des troubles de la perception, de motricit\u00e9 ou de la pens\u00e9e.<\/p>\n<\/div><\/div>\n\n\n\n<p align=\"justify\">Les restrictions et blocages inscrits dans le corps trouvent alors l&#8217;opportunit\u00e9 de se d\u00e9faire et ainsi de lib\u00e9rer leur charge de fatigue, de douleur et d&#8217;\u00e9motions: traces d&#8217;accidents, de chutes, d&#8217;op\u00e9rations, de maladies, de diff\u00e9rentes traumatismes physiques, psychologiques ou \u00e9motionnels, anciens ou r\u00e9cents.<br>Cette m\u00e9thode permet de stimuler le terrain de la personne pour que le dynamisme spontan\u00e9 de sant\u00e9 puisse \u00eatre retrouv\u00e9.<\/p>\n\n\n\n<p align=\"justify\">Elle invite \u00e0 un profond processus de gu\u00e9rison pouvant avoir pour b\u00e9n\u00e9fice, par exemple, une plus grande vitalit\u00e9, des \u00e9tats de relaxation profonde ainsi qu&#8217;un mieux $etre global. Corporel et psychologique.<\/p>\n\n\n\n<p>De plus je pratique d\u2019autre m\u00e9thode comme la m\u00e9thode&nbsp;<a href=\"https:\/\/kinesiologievienne38.fr\/index.php\/les-pratiques\/total-reset-methode\/\">TRM<\/a> , ainsi que de la<a href=\"https:\/\/kinesiologievienne38.fr\/index.php\/les-pratiques\/kinesiologie\/\">&nbsp;kin\u00e9siologie<\/a>.<\/p>\n","protected":false},"excerpt":{"rendered":"<p>Technique cranio-sacr\u00e9e est une th\u00e9rapie manuelle tr\u00e8s douce et profonde d\u00e9riv\u00e9e de l&#8217;osth\u00e9opathie et d\u00e9velopp\u00e9e tout d&#8217;abord par l&#8217;ost\u00e9opathe am\u00e9ricain William Sutherland (1873-1954). Cette th\u00e9rapie est fond\u00e9e sur l&#8217;existance d&#8217;une pulsation, d&#8217;un mouvement respiratoire primaire du liquide c\u00e9phalo-rachidien. Il s&#8217;exprime et est ressentie dans tous les tissus et structures du corps.Les mains du th\u00e9rapeute se &hellip; <\/p>\n<p class=\"link-more\"><a href=\"https:\/\/kinesiologievienne38.fr\/index.php\/les-pratiques\/cranio-sacree\/\" class=\"more-link\">Continue reading<span class=\"screen-reader-text\"> &#8220;CR\u00c2NIO-SACR\u00c9E&#8221;<\/span><\/a><\/p>\n","protected":false},"author":1,"featured_media":0,"parent":70,"menu_order":0,"comment_status":"closed","ping_status":"closed","template":"","meta":{"footnotes":""},"class_list":["post-95","page","type-page","status-publish","hentry"],"yoast_head":"<!-- This site is optimized with the Yoast SEO plugin v27.5 - https:\/\/yoast.com\/product\/yoast-seo-wordpress\/ -->\n<title>CR\u00c2NIO-SACR\u00c9E - Glasson Edwige<\/title>\n<meta name=\"robots\" content=\"index, follow, max-snippet:-1, max-image-preview:large, max-video-preview:-1\" \/>\n<link rel=\"canonical\" href=\"http:\/\/kinesiologievienne38.fr\/index.php\/les-pratiques\/cranio-sacree\/\" \/>\n<meta property=\"og:locale\" content=\"en_US\" \/>\n<meta property=\"og:type\" content=\"article\" \/>\n<meta property=\"og:title\" content=\"CR\u00c2NIO-SACR\u00c9E - Glasson Edwige\" \/>\n<meta property=\"og:description\" content=\"Technique cranio-sacr\u00e9e est une th\u00e9rapie manuelle tr\u00e8s douce et profonde d\u00e9riv\u00e9e de l&#8217;osth\u00e9opathie et d\u00e9velopp\u00e9e tout d&#8217;abord par l&#8217;ost\u00e9opathe am\u00e9ricain William Sutherland (1873-1954). Cette th\u00e9rapie est fond\u00e9e sur l&#8217;existance d&#8217;une pulsation, d&#8217;un mouvement respiratoire primaire du liquide c\u00e9phalo-rachidien. Il s&#8217;exprime et est ressentie dans tous les tissus et structures du corps.Les mains du th\u00e9rapeute se &hellip; Continue reading &quot;CR\u00c2NIO-SACR\u00c9E&quot;\" \/>\n<meta property=\"og:url\" content=\"http:\/\/kinesiologievienne38.fr\/index.php\/les-pratiques\/cranio-sacree\/\" \/>\n<meta property=\"og:site_name\" content=\"Glasson Edwige\" \/>\n<meta property=\"article:modified_time\" content=\"2024-07-08T20:52:21+00:00\" \/>\n<meta property=\"og:image\" content=\"https:\/\/kinesiologievienne38.fr\/wp-content\/uploads\/2024\/06\/spine-257870_1920.jpeg\" \/>\n<meta name=\"twitter:card\" content=\"summary_large_image\" \/>\n<meta name=\"twitter:label1\" content=\"Est. reading time\" \/>\n\t<meta name=\"twitter:data1\" content=\"2 minutes\" \/>\n<script type=\"application\/ld+json\" class=\"yoast-schema-graph\">{\"@context\":\"https:\\\/\\\/schema.org\",\"@graph\":[{\"@type\":\"WebPage\",\"@id\":\"http:\\\/\\\/kinesiologievienne38.fr\\\/index.php\\\/les-pratiques\\\/cranio-sacree\\\/\",\"url\":\"http:\\\/\\\/kinesiologievienne38.fr\\\/index.php\\\/les-pratiques\\\/cranio-sacree\\\/\",\"name\":\"CR\u00c2NIO-SACR\u00c9E - Glasson Edwige\",\"isPartOf\":{\"@id\":\"http:\\\/\\\/kinesiologievienne38.fr\\\/#website\"},\"primaryImageOfPage\":{\"@id\":\"http:\\\/\\\/kinesiologievienne38.fr\\\/index.php\\\/les-pratiques\\\/cranio-sacree\\\/#primaryimage\"},\"image\":{\"@id\":\"http:\\\/\\\/kinesiologievienne38.fr\\\/index.php\\\/les-pratiques\\\/cranio-sacree\\\/#primaryimage\"},\"thumbnailUrl\":\"https:\\\/\\\/kinesiologievienne38.fr\\\/wp-content\\\/uploads\\\/2024\\\/06\\\/spine-257870_1920.jpeg\",\"datePublished\":\"2019-09-22T19:36:58+00:00\",\"dateModified\":\"2024-07-08T20:52:21+00:00\",\"breadcrumb\":{\"@id\":\"http:\\\/\\\/kinesiologievienne38.fr\\\/index.php\\\/les-pratiques\\\/cranio-sacree\\\/#breadcrumb\"},\"inLanguage\":\"en-US\",\"potentialAction\":[{\"@type\":\"ReadAction\",\"target\":[\"http:\\\/\\\/kinesiologievienne38.fr\\\/index.php\\\/les-pratiques\\\/cranio-sacree\\\/\"]}]},{\"@type\":\"ImageObject\",\"inLanguage\":\"en-US\",\"@id\":\"http:\\\/\\\/kinesiologievienne38.fr\\\/index.php\\\/les-pratiques\\\/cranio-sacree\\\/#primaryimage\",\"url\":\"https:\\\/\\\/kinesiologievienne38.fr\\\/wp-content\\\/uploads\\\/2024\\\/06\\\/spine-257870_1920.jpeg\",\"contentUrl\":\"https:\\\/\\\/kinesiologievienne38.fr\\\/wp-content\\\/uploads\\\/2024\\\/06\\\/spine-257870_1920.jpeg\",\"width\":400,\"height\":443},{\"@type\":\"BreadcrumbList\",\"@id\":\"http:\\\/\\\/kinesiologievienne38.fr\\\/index.php\\\/les-pratiques\\\/cranio-sacree\\\/#breadcrumb\",\"itemListElement\":[{\"@type\":\"ListItem\",\"position\":1,\"name\":\"Accueil\",\"item\":\"http:\\\/\\\/kinesiologievienne38.fr\\\/\"},{\"@type\":\"ListItem\",\"position\":2,\"name\":\"Les pratiques\",\"item\":\"http:\\\/\\\/kinesiologievienne38.fr\\\/index.php\\\/les-pratiques\\\/\"},{\"@type\":\"ListItem\",\"position\":3,\"name\":\"CR\u00c2NIO-SACR\u00c9E\"}]},{\"@type\":\"WebSite\",\"@id\":\"http:\\\/\\\/kinesiologievienne38.fr\\\/#website\",\"url\":\"http:\\\/\\\/kinesiologievienne38.fr\\\/\",\"name\":\"Glasson Edwige\",\"description\":\"Kin\u00e9siologue - Praticienne TRM\",\"potentialAction\":[{\"@type\":\"SearchAction\",\"target\":{\"@type\":\"EntryPoint\",\"urlTemplate\":\"http:\\\/\\\/kinesiologievienne38.fr\\\/?s={search_term_string}\"},\"query-input\":{\"@type\":\"PropertyValueSpecification\",\"valueRequired\":true,\"valueName\":\"search_term_string\"}}],\"inLanguage\":\"en-US\"}]}<\/script>\n<!-- \/ Yoast SEO plugin. -->","yoast_head_json":{"title":"CR\u00c2NIO-SACR\u00c9E - Glasson Edwige","robots":{"index":"index","follow":"follow","max-snippet":"max-snippet:-1","max-image-preview":"max-image-preview:large","max-video-preview":"max-video-preview:-1"},"canonical":"http:\/\/kinesiologievienne38.fr\/index.php\/les-pratiques\/cranio-sacree\/","og_locale":"en_US","og_type":"article","og_title":"CR\u00c2NIO-SACR\u00c9E - Glasson Edwige","og_description":"Technique cranio-sacr\u00e9e est une th\u00e9rapie manuelle tr\u00e8s douce et profonde d\u00e9riv\u00e9e de l&#8217;osth\u00e9opathie et d\u00e9velopp\u00e9e tout d&#8217;abord par l&#8217;ost\u00e9opathe am\u00e9ricain William Sutherland (1873-1954). Cette th\u00e9rapie est fond\u00e9e sur l&#8217;existance d&#8217;une pulsation, d&#8217;un mouvement respiratoire primaire du liquide c\u00e9phalo-rachidien. Il s&#8217;exprime et est ressentie dans tous les tissus et structures du corps.Les mains du th\u00e9rapeute se &hellip; Continue reading \"CR\u00c2NIO-SACR\u00c9E\"","og_url":"http:\/\/kinesiologievienne38.fr\/index.php\/les-pratiques\/cranio-sacree\/","og_site_name":"Glasson Edwige","article_modified_time":"2024-07-08T20:52:21+00:00","og_image":[{"url":"https:\/\/kinesiologievienne38.fr\/wp-content\/uploads\/2024\/06\/spine-257870_1920.jpeg","type":"","width":"","height":""}],"twitter_card":"summary_large_image","twitter_misc":{"Est. reading time":"2 minutes"},"schema":{"@context":"https:\/\/schema.org","@graph":[{"@type":"WebPage","@id":"http:\/\/kinesiologievienne38.fr\/index.php\/les-pratiques\/cranio-sacree\/","url":"http:\/\/kinesiologievienne38.fr\/index.php\/les-pratiques\/cranio-sacree\/","name":"CR\u00c2NIO-SACR\u00c9E - Glasson Edwige","isPartOf":{"@id":"http:\/\/kinesiologievienne38.fr\/#website"},"primaryImageOfPage":{"@id":"http:\/\/kinesiologievienne38.fr\/index.php\/les-pratiques\/cranio-sacree\/#primaryimage"},"image":{"@id":"http:\/\/kinesiologievienne38.fr\/index.php\/les-pratiques\/cranio-sacree\/#primaryimage"},"thumbnailUrl":"https:\/\/kinesiologievienne38.fr\/wp-content\/uploads\/2024\/06\/spine-257870_1920.jpeg","datePublished":"2019-09-22T19:36:58+00:00","dateModified":"2024-07-08T20:52:21+00:00","breadcrumb":{"@id":"http:\/\/kinesiologievienne38.fr\/index.php\/les-pratiques\/cranio-sacree\/#breadcrumb"},"inLanguage":"en-US","potentialAction":[{"@type":"ReadAction","target":["http:\/\/kinesiologievienne38.fr\/index.php\/les-pratiques\/cranio-sacree\/"]}]},{"@type":"ImageObject","inLanguage":"en-US","@id":"http:\/\/kinesiologievienne38.fr\/index.php\/les-pratiques\/cranio-sacree\/#primaryimage","url":"https:\/\/kinesiologievienne38.fr\/wp-content\/uploads\/2024\/06\/spine-257870_1920.jpeg","contentUrl":"https:\/\/kinesiologievienne38.fr\/wp-content\/uploads\/2024\/06\/spine-257870_1920.jpeg","width":400,"height":443},{"@type":"BreadcrumbList","@id":"http:\/\/kinesiologievienne38.fr\/index.php\/les-pratiques\/cranio-sacree\/#breadcrumb","itemListElement":[{"@type":"ListItem","position":1,"name":"Accueil","item":"http:\/\/kinesiologievienne38.fr\/"},{"@type":"ListItem","position":2,"name":"Les pratiques","item":"http:\/\/kinesiologievienne38.fr\/index.php\/les-pratiques\/"},{"@type":"ListItem","position":3,"name":"CR\u00c2NIO-SACR\u00c9E"}]},{"@type":"WebSite","@id":"http:\/\/kinesiologievienne38.fr\/#website","url":"http:\/\/kinesiologievienne38.fr\/","name":"Glasson Edwige","description":"Kin\u00e9siologue - Praticienne TRM","potentialAction":[{"@type":"SearchAction","target":{"@type":"EntryPoint","urlTemplate":"http:\/\/kinesiologievienne38.fr\/?s={search_term_string}"},"query-input":{"@type":"PropertyValueSpecification","valueRequired":true,"valueName":"search_term_string"}}],"inLanguage":"en-US"}]}},"_links":{"self":[{"href":"https:\/\/kinesiologievienne38.fr\/index.php\/wp-json\/wp\/v2\/pages\/95","targetHints":{"allow":["GET"]}}],"collection":[{"href":"https:\/\/kinesiologievienne38.fr\/index.php\/wp-json\/wp\/v2\/pages"}],"about":[{"href":"https:\/\/kinesiologievienne38.fr\/index.php\/wp-json\/wp\/v2\/types\/page"}],"author":[{"embeddable":true,"href":"https:\/\/kinesiologievienne38.fr\/index.php\/wp-json\/wp\/v2\/users\/1"}],"replies":[{"embeddable":true,"href":"https:\/\/kinesiologievienne38.fr\/index.php\/wp-json\/wp\/v2\/comments?post=95"}],"version-history":[{"count":5,"href":"https:\/\/kinesiologievienne38.fr\/index.php\/wp-json\/wp\/v2\/pages\/95\/revisions"}],"predecessor-version":[{"id":571,"href":"https:\/\/kinesiologievienne38.fr\/index.php\/wp-json\/wp\/v2\/pages\/95\/revisions\/571"}],"up":[{"embeddable":true,"href":"https:\/\/kinesiologievienne38.fr\/index.php\/wp-json\/wp\/v2\/pages\/70"}],"wp:attachment":[{"href":"https:\/\/kinesiologievienne38.fr\/index.php\/wp-json\/wp\/v2\/media?parent=95"}],"curies":[{"name":"wp","href":"https:\/\/api.w.org\/{rel}","templated":true}]}}